{"id":71,"date":"2024-01-28T17:30:15","date_gmt":"2024-01-28T16:30:15","guid":{"rendered":"https:\/\/youmecomplex.eu\/?page_id=71"},"modified":"2025-03-24T12:18:12","modified_gmt":"2025-03-24T11:18:12","slug":"elementy-podwozi-do-maszyn","status":"publish","type":"page","link":"https:\/\/youmecomplex.eu\/?page_id=71","title":{"rendered":"ELEMENTY PODWOZI DO MASZYN"},"content":{"rendered":"\n<p>(Drog Complex\/YOUME COMPLEX)<\/p>\n\n\n\n<p>Oferujemy elementy podwozi g\u0105sienicowych do maszyn drogowych i budowlanych:<\/p>\n\n\n\n<p><strong>* g\u0105sienice,\u0142a\u0144cuchy i klepki g\u0105sienic &#8211; gumowe i poliuretanowe,rolki, ko\u0142a z\u0119bate, ko\u0142a pasowe do<\/strong><\/p>\n\n\n\n<p>&nbsp;ABG VOLVO: 5820, 6820,7820,8820,9820<\/p>\n\n\n\n<p>\u00a0DYNAPAC, DEMAG , VOGELE<\/p>\n\n\n\n<p>&nbsp;ATLAS COPCO: AirRoc ,DM45, ECM660, Flex IROC, PV271, PV275, PV351<\/p>\n\n\n\n<p>&nbsp;DAEWOO DOOSAN: DH120, DH130, DH170, DH220, DH280<\/p>\n\n\n\n<p>MECALAC 10MCR, MECALAC 6MCR, MECALAC 714MC<\/p>\n\n\n\n<p>CASE: 1650 (KLT,KLGP,KLXLT), 2050,1850,CX245, CK25,CK20<\/p>\n\n\n\n<p>YANMAR B03, YANMAR B05, YANMAR B12<\/p>\n\n\n\n<p>SUMITOMO SH135, SH800..<\/p>\n\n\n\n<p>WIRTGEN 1300, 2000, SP150, W100, W1000, W130, W1300,W120,W1200,<\/p>\n\n\n\n<p>WIRTGEN W150,W1500, W2000, W250<\/p>\n\n\n\n<p>KOMATSU D31,D37,D275AX,D41,D51,D50,D53,D58,D68,PC210,PC110<\/p>\n\n\n\n<p>JOHN DEERE : 200, 17,210,26,27,650,670,850,85<\/p>\n\n\n\n<p><strong>* g\u0105sienice do<\/strong><\/p>\n\n\n\n<p>BITELLI BB6011,BB611,BB621<\/p>\n\n\n\n<p>HITACHI,<\/p>\n\n\n\n<p>SUMITOMO 9003, JS70, LS1200, LS 1300, LS1350, S130, S120..<\/p>\n\n\n\n<p>JOHN DEER 15<\/p>\n\n\n\n<p>YANMAR 5, YANMAR 8<\/p>\n\n\n\n<p>BOBCAT: 316,319,320,321,322,<\/p>\n\n\n\n<p>CASE 15, CASE 16<\/p>\n\n\n\n<p><\/p>\n","protected":false},"excerpt":{"rendered":"<p>(Drog Complex\/YOUME COMPLEX) Oferujemy elementy podwozi g\u0105sienicowych do maszyn drogowych i budowlanych: * g\u0105sienice,\u0142a\u0144cuchy i klepki g\u0105sienic &#8211; gumowe i [&hellip;]<\/p>\n","protected":false},"author":1,"featured_media":0,"parent":0,"menu_order":0,"comment_status":"closed","ping_status":"closed","template":"","meta":{"footnotes":""},"class_list":["post-71","page","type-page","status-publish","hentry"],"_links":{"self":[{"href":"https:\/\/youmecomplex.eu\/index.php?rest_route=\/wp\/v2\/pages\/71","targetHints":{"allow":["GET"]}}],"collection":[{"href":"https:\/\/youmecomplex.eu\/index.php?rest_route=\/wp\/v2\/pages"}],"about":[{"href":"https:\/\/youmecomplex.eu\/index.php?rest_route=\/wp\/v2\/types\/page"}],"author":[{"embeddable":true,"href":"https:\/\/youmecomplex.eu\/index.php?rest_route=\/wp\/v2\/users\/1"}],"replies":[{"embeddable":true,"href":"https:\/\/youmecomplex.eu\/index.php?rest_route=%2Fwp%2Fv2%2Fcomments&post=71"}],"version-history":[{"count":5,"href":"https:\/\/youmecomplex.eu\/index.php?rest_route=\/wp\/v2\/pages\/71\/revisions"}],"predecessor-version":[{"id":128,"href":"https:\/\/youmecomplex.eu\/index.php?rest_route=\/wp\/v2\/pages\/71\/revisions\/128"}],"wp:attachment":[{"href":"https:\/\/youmecomplex.eu\/index.php?rest_route=%2Fwp%2Fv2%2Fmedia&parent=71"}],"curies":[{"name":"wp","href":"https:\/\/api.w.org\/{rel}","templated":true}]}}