{"id":40,"date":"2023-10-01T12:36:13","date_gmt":"2023-10-01T10:36:13","guid":{"rendered":"https:\/\/youmecomplex.eu\/?page_id=40"},"modified":"2024-03-04T16:30:17","modified_gmt":"2024-03-04T15:30:17","slug":"strona-glowna","status":"publish","type":"page","link":"https:\/\/youmecomplex.eu\/","title":{"rendered":"Witamy na stronie firmy YOUME COMPLEX"},"content":{"rendered":"\n<p><\/p>\n\n\n\n<h3 class=\"wp-block-heading\">Witamy na stronie firmy YOUME COMPLEX<\/h3>\n\n\n\n<p>Jeste\u015bmy firm\u0105 z pasj\u0105. Od ponad 25 lat dzia\u0142amy na polskim rynku, pomagaj\u0105c naszym klientom rozwi\u0105zywa\u0107 problemy zwi\u0105zane z ich bie\u017c\u0105c\u0105 dzia\u0142alno\u015bci\u0105. Sprzedajemy maszyny nowe i u\u017cywane do dylatacji, naprawiamy silniki i pompy hydrauliczne , sprzedajemy cz\u0119\u015bci do maszyn drogowych i budowlanych. Od kilu lat w ofercie  szeroki asortyment cz\u0119\u015bci do wytw\u00f3rni mas asfaltowych i betoniarni: pocz\u0105wszy od ramion i \u0142opat mieszalnika poprzez ok\u0142adziny i sita na czujnikach temperatur, rolkach, w\u00f3zkach ko\u0144cz\u0105c.<\/p>\n\n\n\n<p>Dawniej jako DROG COMPLEX s.c. teraz pod nowym szyldem YOUME COMPLEX.<\/p>\n\n\n\n<p>Poniewa\u017c zmienia si\u0119 \u015bwiat wok\u00f3\u0142 nas, zmieniamy si\u0119 te\u017c my . Z ka\u017cdym dniem.. na lepsze \ud83d\ude09  <\/p>\n\n\n\n<p><\/p>\n\n\n\n<p><\/p>\n\n\n\n<p>Zapraszamy do wsp\u00f3\u0142pracy!<\/p>\n\n\n\n<p><\/p>\n","protected":false},"excerpt":{"rendered":"<p>Witamy na stronie firmy YOUME COMPLEX Jeste\u015bmy firm\u0105 z pasj\u0105. Od ponad 25 lat dzia\u0142amy na polskim rynku, pomagaj\u0105c naszym [&hellip;]<\/p>\n","protected":false},"author":1,"featured_media":0,"parent":0,"menu_order":0,"comment_status":"closed","ping_status":"closed","template":"","meta":{"footnotes":""},"class_list":["post-40","page","type-page","status-publish","hentry"],"_links":{"self":[{"href":"https:\/\/youmecomplex.eu\/index.php?rest_route=\/wp\/v2\/pages\/40","targetHints":{"allow":["GET"]}}],"collection":[{"href":"https:\/\/youmecomplex.eu\/index.php?rest_route=\/wp\/v2\/pages"}],"about":[{"href":"https:\/\/youmecomplex.eu\/index.php?rest_route=\/wp\/v2\/types\/page"}],"author":[{"embeddable":true,"href":"https:\/\/youmecomplex.eu\/index.php?rest_route=\/wp\/v2\/users\/1"}],"replies":[{"embeddable":true,"href":"https:\/\/youmecomplex.eu\/index.php?rest_route=%2Fwp%2Fv2%2Fcomments&post=40"}],"version-history":[{"count":8,"href":"https:\/\/youmecomplex.eu\/index.php?rest_route=\/wp\/v2\/pages\/40\/revisions"}],"predecessor-version":[{"id":81,"href":"https:\/\/youmecomplex.eu\/index.php?rest_route=\/wp\/v2\/pages\/40\/revisions\/81"}],"wp:attachment":[{"href":"https:\/\/youmecomplex.eu\/index.php?rest_route=%2Fwp%2Fv2%2Fmedia&parent=40"}],"curies":[{"name":"wp","href":"https:\/\/api.w.org\/{rel}","templated":true}]}}