{"id":25,"date":"2023-10-01T12:24:49","date_gmt":"2023-10-01T10:24:49","guid":{"rendered":"https:\/\/youmecomplex.eu\/?page_id=25"},"modified":"2024-03-04T18:22:17","modified_gmt":"2024-03-04T17:22:17","slug":"kontakt","status":"publish","type":"page","link":"https:\/\/youmecomplex.eu\/?page_id=25","title":{"rendered":"KONTAKT"},"content":{"rendered":"\n<p>YOUME COMPLEX Katarzyna Piwo\u0144ska (dawniej Drog Complex)<\/p>\n\n\n\n<p>ul. Szk\u00f3\u0142karska 25\/9<\/p>\n\n\n\n<p>62-002 Suchy Las<\/p>\n\n\n\n<p>NIP 7811041491<\/p>\n\n\n\n<p>e-mail: <a href=\"mailto:youme.biuro@gmail.com\">youme.biuro@gmail.com<\/a>, <a href=\"katarzynadrog@gmail.com\" data-type=\"link\" data-id=\"katarzynadrog@gmail.com\">katarzynadrog@gmail.com<\/a><\/p>\n\n\n\n<p>telefon: 509302666<\/p>\n","protected":false},"excerpt":{"rendered":"<p>YOUME COMPLEX Katarzyna Piwo\u0144ska (dawniej Drog Complex) ul. Szk\u00f3\u0142karska 25\/9 62-002 Suchy Las NIP 7811041491 e-mail: youme.biuro@gmail.com, katarzynadrog@gmail.com telefon: 509302666<\/p>\n","protected":false},"author":1,"featured_media":0,"parent":0,"menu_order":0,"comment_status":"closed","ping_status":"closed","template":"","meta":{"footnotes":""},"class_list":["post-25","page","type-page","status-publish","hentry"],"_links":{"self":[{"href":"https:\/\/youmecomplex.eu\/index.php?rest_route=\/wp\/v2\/pages\/25","targetHints":{"allow":["GET"]}}],"collection":[{"href":"https:\/\/youmecomplex.eu\/index.php?rest_route=\/wp\/v2\/pages"}],"about":[{"href":"https:\/\/youmecomplex.eu\/index.php?rest_route=\/wp\/v2\/types\/page"}],"author":[{"embeddable":true,"href":"https:\/\/youmecomplex.eu\/index.php?rest_route=\/wp\/v2\/users\/1"}],"replies":[{"embeddable":true,"href":"https:\/\/youmecomplex.eu\/index.php?rest_route=%2Fwp%2Fv2%2Fcomments&post=25"}],"version-history":[{"count":4,"href":"https:\/\/youmecomplex.eu\/index.php?rest_route=\/wp\/v2\/pages\/25\/revisions"}],"predecessor-version":[{"id":82,"href":"https:\/\/youmecomplex.eu\/index.php?rest_route=\/wp\/v2\/pages\/25\/revisions\/82"}],"wp:attachment":[{"href":"https:\/\/youmecomplex.eu\/index.php?rest_route=%2Fwp%2Fv2%2Fmedia&parent=25"}],"curies":[{"name":"wp","href":"https:\/\/api.w.org\/{rel}","templated":true}]}}