{"id":23,"date":"2023-10-01T12:21:36","date_gmt":"2023-10-01T10:21:36","guid":{"rendered":"https:\/\/youmecomplex.eu\/?page_id=23"},"modified":"2023-10-01T12:21:36","modified_gmt":"2023-10-01T10:21:36","slug":"rodo","status":"publish","type":"page","link":"https:\/\/youmecomplex.eu\/?page_id=23","title":{"rendered":"RODO"},"content":{"rendered":"\n<p>INFORMACJA O PRZETWARZANIU DANYCH OSOBOWYCH<\/p>\n\n\n\n<p>Szanowni Pa\u0144stwo,<\/p>\n\n\n\n<p>uprzejmie informujemy, \u017ce firma Youme Complex  Katarzyna Piwo\u0144ska z siedzib\u0105 w Suchym Lesie ul. Szk\u00f3\u0142karska 25\/9, (dalej: Youme Complex lub Firma) przetwarza informacje ze \u017ar\u00f3de\u0142 publicznych oraz og\u00f3lnodost\u0119pnych (w tym z Internetu), tworz\u0105c baz\u0119 danych. W\u015br\u00f3d tych informacji mog\u0105 pojawi\u0107 si\u0119 dane, kt\u00f3re na gruncie Rozporz\u0105dzenia Parlamentu Europejskiego i Rady Unii Europejskiej 2016\/679 z dnia 27 kwietnia 2016 r. w sprawie ochrony os\u00f3b fizycznych w zwi\u0105zku z przetwarzaniem danych osobowych i w sprawie swobodnego przep\u0142ywu takich danych oraz uchylenia dyrektywy 95\/46\/WE (dalej: \u201eOg\u00f3lne Rozporz\u0105dzenie\u201d lub \u201eRODO\u201d), maj\u0105 charakter danych osobowych.<\/p>\n\n\n\n<p>Zgodnie z obowi\u0105zuj\u0105cymi przepisami dotycz\u0105cymi ochrony danych osobowych, w szczeg\u00f3lno\u015bci z Og\u00f3lnym Rozporz\u0105dzeniem, celem zapewnienia w\u0142a\u015bciwej ochrony danych osobowych, osobie kt\u00f3rej dane dotycz\u0105 nale\u017cy przede wszystkim poda\u0107 informacje dotycz\u0105ce przetwarzania jej danych osobowych okre\u015blone w art. 13 lub 14 RODO \u2013 w zale\u017cno\u015bci od tego, czy zosta\u0142y one pozyskane bezpo\u015brednio od osoby kt\u00f3rej dane dotycz\u0105, czy te\u017c z innych \u017ar\u00f3de\u0142.<\/p>\n\n\n\n<p>W \u015bwietle powy\u017cszego pragniemy poinformowa\u0107 Pa\u0144stwa, \u017ce:<\/p>\n\n\n\n<p>1. Administratorem Pani\/Pana danych osobowych (dalej: \u201eAdministrator\u201d) jest Youme Complex\u00a0 z siedzib\u0105 w Suchym Lesie (ul. Szk\u00f3\u0142karska 25\/9, 62-002 Suchy Las), wpisana do Centralnej Ewidencji i Informacji o Dzia\u0142alno\u015bci Gospodarczej (CEIDG),<\/p>\n\n\n\n<p>NIP: 7811041491, REGON: 301942309<\/p>\n\n\n\n<p>Z Administratorem mo\u017cna si\u0119 kontaktowa\u0107 pisemnie, za pomoc\u0105 poczty tradycyjnej na adres: <\/p>\n\n\n\n<p>ul. Szk\u00f3\u0142karska 25\/9. 62-002 Suchy Las  lub drog\u0105 e-mailow\u0105 pod adresem:\u00a0youme.biuro@gmail.com<\/p>\n\n\n\n<p>2. Pani\/Pana dane osobowe s\u0105 przetwarzane na podstawie art. 6 ust. 1 lit. f RODO, tj. w oparciu o niezb\u0119dno\u015b\u0107 przetwarzania do cel\u00f3w wynikaj\u0105cych z prawnie uzasadnionych interes\u00f3w realizowanych przez Administratora lub przez stron\u0119 trzeci\u0105.<\/p>\n\n\n\n<p>3. Prawnie uzasadnione interesy realizowane przez Firm\u0119 polegaj\u0105 na oferowaniu klientom produkt\u00f3w, kt\u00f3re s\u0105 wykorzystywane przez Klient\u00f3w w ich bie\u017c\u0105cej dzia\u0142alno\u015bci, w celu utrzymania sprawnego parku maszyn oraz realizowania us\u0142ug oferowanych przez Klient\u00f3w. Przetwarzanie danych osobowych na potrzeby ww. produkt\u00f3w mie\u015bci si\u0119 w zakresie dzia\u0142alno\u015bci gospodarczej Youme Complex\u00a0 ujawnionym w CEIDG . Co wi\u0119cej, przetwarzanie danych jest niezb\u0119dne, aby Firma mog\u0142a tworzy\u0107 oferty handlowe oraz marketingowe\u00a0 i dostarcza\u0107 swoim klientom oferowane przez Firm\u0119 produkty.<\/p>\n\n\n\n<p>4. Pani\/Pana dane osobowe s\u0105 przetwarzane w celu dostarczania klientom Youme Complex kompleksowej informacji gospodarczej w ramach oferowanych przez Firm\u0119 produkt\u00f3w, jak r\u00f3wnie\u017c w celach statystycznych.<\/p>\n\n\n\n<p>5. Administrator przetwarza Pani\/Pana dane osobowe w zakresie, w jakim s\u0105 one udost\u0119pniane przez \u017ar\u00f3d\u0142a publicznie dost\u0119pne wskazane w pkt. 13 poni\u017cej.<\/p>\n\n\n\n<p>6. Firma nie przetwarza szczeg\u00f3lnych kategorii danych osobowych ani danych osobowych dotycz\u0105cych wyrok\u00f3w skazuj\u0105cych oraz narusze\u0144 prawa lub powi\u0105zanych \u015brodk\u00f3w bezpiecze\u0144stwa.<\/p>\n\n\n\n<p>7. Odbiorcami Pani\/Pana danych osobowych s\u0105 klienci Youme Complex prowadz\u0105cy dzia\u0142alno\u015b\u0107 gospodarcz\u0105 mi\u0119dzy innymi w obszarach:<\/p>\n\n\n\n<p>8.1.&nbsp; &nbsp; &nbsp;dzia\u0142alno\u015bci transportowej<\/p>\n\n\n\n<p>8.2.&nbsp; &nbsp; &nbsp;dzia\u0142alno\u015bci produkcyjnej,<\/p>\n\n\n\n<p>8.3.&nbsp; &nbsp; &nbsp;dzia\u0142alno\u015bci sprzeda\u017cowej.<\/p>\n\n\n\n<p>9. Pani\/Pana dane osobowe b\u0119d\u0105 przez Youme Complex\u00a0 przetwarzane przez okres niezb\u0119dny dla realizacji prawnie uzasadnionych interes\u00f3w Firmy, o kt\u00f3rych mowa w pkt. 4 powy\u017cej.<\/p>\n\n\n\n<p>10. W zwi\u0105zku z przetwarzaniem Pani\/Pana danych osobowych przys\u0142uguje Pani\/Panu prawo do:<\/p>\n\n\n\n<p>10.1.&nbsp; \u017c\u0105dania od Administratora dost\u0119pu do Pani\/Pana danych osobowych,<\/p>\n\n\n\n<p>10.2.&nbsp; \u017c\u0105dania od Administratora sprostowania Pani\/Pana danych osobowych,<\/p>\n\n\n\n<p>10.3.&nbsp; \u017c\u0105dania od Administratora usuni\u0119cia Pani\/Pana danych osobowych,<\/p>\n\n\n\n<p>10.4.&nbsp; \u017c\u0105dania od Administratora ograniczenia przetwarzania Pani\/Pana danych osobowych,<\/p>\n\n\n\n<p>10.5.&nbsp; wniesienia sprzeciwu wobec przetwarzania Pani\/Pana danych osobowych,<\/p>\n\n\n\n<p>10.6.&nbsp; przenoszenia Pani\/Pana danych osobowych,<\/p>\n\n\n\n<p>11. Z praw wskazanych w pkt.11 powy\u017cej mo\u017cna skorzysta\u0107 poprzez:<\/p>\n\n\n\n<p>11.1.\u00a0 \u00a0 \u00a0kontakt e-mailowy pod adresem:\u00a0youme.biuro@gmail.com<\/p>\n\n\n\n<p>11.2.\u00a0 \u00a0 \u00a0kontakt pisemny, za pomoc\u0105 poczty tradycyjnej na adres: ul. Szk\u00f3\u0142karska 25\/9, 62-002 Suchy Las.<\/p>\n\n\n\n<p>12. Pani\/Pana dane osobowe zosta\u0142y pozyskane ze \u017ar\u00f3de\u0142 publicznie dost\u0119pnych, tj. m. in. z Rejestru Przedsi\u0119biorc\u00f3w Krajowego Rejestru S\u0105dowego (KRS), Centralnej Ewidencji i Informacji o Dzia\u0142alno\u015bci Gospodarczej (CEIDG), G\u0142\u00f3wnego Urz\u0119dy Statystycznego (GUS).<\/p>\n\n\n\n<p>13. Administrator dok\u0142ada wszelkich stara\u0144, aby zapewni\u0107 wszelkie \u015brodki fizycznej, technicznej i organizacyjnej ochrony danych osobowych przed ich przypadkowym czy umy\u015blnym zniszczeniem, przypadkow\u0105 utrat\u0105, zmian\u0105, nieuprawnionym ujawnieniem, wykorzystaniem czy dost\u0119pem, zgodnie ze wszystkimi obowi\u0105zuj\u0105cymi przepisami.<\/p>\n\n\n\n<p>14. Pani\/Pana dane osobowe s\u0105 przetwarzane elektronicznie i r\u0119cznie, zgodnie z metodami i procedurami zwi\u0105zanymi z celami przetwarzania, o kt\u00f3rych mowa w pkt. 4 powy\u017cej.<\/p>\n","protected":false},"excerpt":{"rendered":"<p>INFORMACJA O PRZETWARZANIU DANYCH OSOBOWYCH Szanowni Pa\u0144stwo, uprzejmie informujemy, \u017ce firma Youme Complex Katarzyna Piwo\u0144ska z siedzib\u0105 w Suchym Lesie [&hellip;]<\/p>\n","protected":false},"author":1,"featured_media":0,"parent":0,"menu_order":0,"comment_status":"closed","ping_status":"closed","template":"","meta":{"footnotes":""},"class_list":["post-23","page","type-page","status-publish","hentry"],"_links":{"self":[{"href":"https:\/\/youmecomplex.eu\/index.php?rest_route=\/wp\/v2\/pages\/23","targetHints":{"allow":["GET"]}}],"collection":[{"href":"https:\/\/youmecomplex.eu\/index.php?rest_route=\/wp\/v2\/pages"}],"about":[{"href":"https:\/\/youmecomplex.eu\/index.php?rest_route=\/wp\/v2\/types\/page"}],"author":[{"embeddable":true,"href":"https:\/\/youmecomplex.eu\/index.php?rest_route=\/wp\/v2\/users\/1"}],"replies":[{"embeddable":true,"href":"https:\/\/youmecomplex.eu\/index.php?rest_route=%2Fwp%2Fv2%2Fcomments&post=23"}],"version-history":[{"count":1,"href":"https:\/\/youmecomplex.eu\/index.php?rest_route=\/wp\/v2\/pages\/23\/revisions"}],"predecessor-version":[{"id":24,"href":"https:\/\/youmecomplex.eu\/index.php?rest_route=\/wp\/v2\/pages\/23\/revisions\/24"}],"wp:attachment":[{"href":"https:\/\/youmecomplex.eu\/index.php?rest_route=%2Fwp%2Fv2%2Fmedia&parent=23"}],"curies":[{"name":"wp","href":"https:\/\/api.w.org\/{rel}","templated":true}]}}