{"id":20,"date":"2023-10-01T12:11:29","date_gmt":"2023-10-01T10:11:29","guid":{"rendered":"https:\/\/youmecomplex.eu\/?page_id=20"},"modified":"2024-05-20T23:09:00","modified_gmt":"2024-05-20T21:09:00","slug":"maszyny-uzywane","status":"publish","type":"page","link":"https:\/\/youmecomplex.eu\/?page_id=20","title":{"rendered":"MASZYNY U\u017bYWANE"},"content":{"rendered":"\n<p>szukasz maszyny u\u017cywanej &#8211; napisz: <a href=\"youme.biuro@gmail.com\">youme.biuro@gmail.com<\/a><\/p>\n\n\n\n<p>Frezarka do szczelin i sp\u0119ka\u0144 firmy WAKRA , model Dicorel 2010 u\u017cywana, z odpylaniem. Maszyna po przegl\u0105dzie technicznym, gotowa do pracy. Cena 29.500,00 PLN netto. <\/p>\n\n\n\n<p>W przypadku zainteresowania zapraszamy do kontaktu.<\/p>\n\n\n\n<p>Zdj\u0119cie pogl\u0105dowe frezarki Dicorel 2010<\/p>\n\n\n\n<figure class=\"wp-block-image size-full\"><img loading=\"lazy\" decoding=\"async\" width=\"800\" height=\"800\" src=\"https:\/\/youmecomplex.eu\/wp-content\/uploads\/2024\/05\/s456776647542546876_p7_i30_w800.jpeg\" alt=\"\" class=\"wp-image-94\" srcset=\"https:\/\/youmecomplex.eu\/wp-content\/uploads\/2024\/05\/s456776647542546876_p7_i30_w800.jpeg 800w, https:\/\/youmecomplex.eu\/wp-content\/uploads\/2024\/05\/s456776647542546876_p7_i30_w800-300x300.jpeg 300w, https:\/\/youmecomplex.eu\/wp-content\/uploads\/2024\/05\/s456776647542546876_p7_i30_w800-150x150.jpeg 150w, https:\/\/youmecomplex.eu\/wp-content\/uploads\/2024\/05\/s456776647542546876_p7_i30_w800-768x768.jpeg 768w\" sizes=\"auto, (max-width: 800px) 100vw, 800px\" \/><\/figure>\n","protected":false},"excerpt":{"rendered":"<p>szukasz maszyny u\u017cywanej &#8211; napisz: youme.biuro@gmail.com Frezarka do szczelin i sp\u0119ka\u0144 firmy WAKRA , model Dicorel 2010 u\u017cywana, z odpylaniem. [&hellip;]<\/p>\n","protected":false},"author":1,"featured_media":0,"parent":0,"menu_order":0,"comment_status":"closed","ping_status":"closed","template":"","meta":{"footnotes":""},"class_list":["post-20","page","type-page","status-publish","hentry"],"_links":{"self":[{"href":"https:\/\/youmecomplex.eu\/index.php?rest_route=\/wp\/v2\/pages\/20","targetHints":{"allow":["GET"]}}],"collection":[{"href":"https:\/\/youmecomplex.eu\/index.php?rest_route=\/wp\/v2\/pages"}],"about":[{"href":"https:\/\/youmecomplex.eu\/index.php?rest_route=\/wp\/v2\/types\/page"}],"author":[{"embeddable":true,"href":"https:\/\/youmecomplex.eu\/index.php?rest_route=\/wp\/v2\/users\/1"}],"replies":[{"embeddable":true,"href":"https:\/\/youmecomplex.eu\/index.php?rest_route=%2Fwp%2Fv2%2Fcomments&post=20"}],"version-history":[{"count":4,"href":"https:\/\/youmecomplex.eu\/index.php?rest_route=\/wp\/v2\/pages\/20\/revisions"}],"predecessor-version":[{"id":97,"href":"https:\/\/youmecomplex.eu\/index.php?rest_route=\/wp\/v2\/pages\/20\/revisions\/97"}],"wp:attachment":[{"href":"https:\/\/youmecomplex.eu\/index.php?rest_route=%2Fwp%2Fv2%2Fmedia&parent=20"}],"curies":[{"name":"wp","href":"https:\/\/api.w.org\/{rel}","templated":true}]}}