{"id":122,"date":"2024-07-22T16:30:30","date_gmt":"2024-07-22T14:30:30","guid":{"rendered":"https:\/\/youmecomplex.eu\/?page_id=122"},"modified":"2024-07-22T16:33:27","modified_gmt":"2024-07-22T14:33:27","slug":"liebherr-czesci-uzywane","status":"publish","type":"page","link":"https:\/\/youmecomplex.eu\/?page_id=122","title":{"rendered":"LIEBHERR- CZ\u0118\u015aCI U\u017bYWANE"},"content":{"rendered":"\n<p>W ofercie cz\u0119\u015bci u\u017cywane do maszyn LIEBHERR takie jak:<\/p>\n\n\n\n<p>pier\u015bcienie obrotowe<\/p>\n\n\n\n<p>przek\u0142adnie<\/p>\n\n\n\n<p>filtry powietrza<\/p>\n\n\n\n<p>wa\u0142ki rozrz\u0105du<\/p>\n\n\n\n<p>elementy nap\u0119du<\/p>\n\n\n\n<p>pompy<\/p>\n\n\n\n<p>silniki<\/p>\n\n\n\n<p>obudowy hamulca<\/p>\n\n\n\n<p>ch\u0142odnice<\/p>\n\n\n\n<p>rozdzielacze<\/p>\n","protected":false},"excerpt":{"rendered":"<p>W ofercie cz\u0119\u015bci u\u017cywane do maszyn LIEBHERR takie jak: pier\u015bcienie obrotowe przek\u0142adnie filtry powietrza wa\u0142ki rozrz\u0105du elementy nap\u0119du pompy silniki [&hellip;]<\/p>\n","protected":false},"author":1,"featured_media":0,"parent":0,"menu_order":0,"comment_status":"closed","ping_status":"closed","template":"","meta":{"footnotes":""},"class_list":["post-122","page","type-page","status-publish","hentry"],"_links":{"self":[{"href":"https:\/\/youmecomplex.eu\/index.php?rest_route=\/wp\/v2\/pages\/122","targetHints":{"allow":["GET"]}}],"collection":[{"href":"https:\/\/youmecomplex.eu\/index.php?rest_route=\/wp\/v2\/pages"}],"about":[{"href":"https:\/\/youmecomplex.eu\/index.php?rest_route=\/wp\/v2\/types\/page"}],"author":[{"embeddable":true,"href":"https:\/\/youmecomplex.eu\/index.php?rest_route=\/wp\/v2\/users\/1"}],"replies":[{"embeddable":true,"href":"https:\/\/youmecomplex.eu\/index.php?rest_route=%2Fwp%2Fv2%2Fcomments&post=122"}],"version-history":[{"count":2,"href":"https:\/\/youmecomplex.eu\/index.php?rest_route=\/wp\/v2\/pages\/122\/revisions"}],"predecessor-version":[{"id":125,"href":"https:\/\/youmecomplex.eu\/index.php?rest_route=\/wp\/v2\/pages\/122\/revisions\/125"}],"wp:attachment":[{"href":"https:\/\/youmecomplex.eu\/index.php?rest_route=%2Fwp%2Fv2%2Fmedia&parent=122"}],"curies":[{"name":"wp","href":"https:\/\/api.w.org\/{rel}","templated":true}]}}